{"id":16993,"date":"2022-10-17T14:50:31","date_gmt":"2022-10-17T14:50:31","guid":{"rendered":"https:\/\/p-guara.com\/wordpress\/?page_id=16993"},"modified":"2022-10-31T16:52:27","modified_gmt":"2022-10-31T16:52:27","slug":"ruta-no84-colores-de-otono-desde-hoz-de-jaca-al-puente-de-santa-elena","status":"publish","type":"page","link":"https:\/\/p-guara.com\/wordpress\/secciones\/senderismo\/peque-guara-2022\/ruta-no84-colores-de-otono-desde-hoz-de-jaca-al-puente-de-santa-elena\/","title":{"rendered":"Ruta n\u00ba84 &#8211; Colores de oto\u00f1o desde Hoz de Jaca al puente de Santa Elena"},"content":{"rendered":"\n<p>BAJO EL ALIENTO DE B\u00c9ATRICE<\/p>\n\n\n\n<p>Hac\u00eda muchos d\u00edas que no ten\u00edamos un pron\u00f3stico metereol\u00f3gico tan adverso. Pese a ello, entre los 18 participantes en esta \u00faltima salida de Pequeguara, hab\u00eda varios con ganas de pasar fr\u00edo y mojarse despu\u00e9s de tanto calor. Y eso se not\u00f3 en las caras de felicidad que algunos ten\u00edamos mientras ve\u00edamos desde el vertiginoso mirador de Hoz de Jaca, el colorido paisaje en el que nos \u00edbamos a introducir.<\/p>\n\n\n\n<p>Ligera lluvia y fuerte viento de sur nos recibieron al bajar del bus que despertaron nuestro apetito y tuvimos que solucionarlo con un arranque nutritivo en la plazoleta del Puente Vic\u00e9n.<\/p>\n\n\n\n<p>Comenzamos a caminar por la carretera unos metros hasta que a nuestra izquierda un cartel nos indica el camino. Y el camino es una preciosa senda, que los de Hoz llaman \u00ab&nbsp;el sendero del monte&nbsp;\u00bb &nbsp;es descendente y nos sumerge en un oto\u00f1al bosque de hayas, abedules, acebos, avellanos y dem\u00e1s especies vegetales. Al poco rato y al ritmo de diferentes canciones en diversos idiomas llegamos a un cruce de caminos. \u00bfPor d\u00f3nde seguir? A la derecha es bajada y se va por la orilla del r\u00edo G\u00e1llego hasta nuestro destino en el puente de Santa Elena, es decir, meternos en el fondo del valle donde los fuertes vientos nos vendr\u00e1n enca\u00f1onados de frente. O, por la izquierda que hay remontar un poco y continuar en media ladera para luego bajar hasta el r\u00edo casi en el final del camino antes del puente, pero protegidos del viento por la muralla de la Pe\u00f1a de Hoz.<\/p>\n\n\n\n<p>Este enorme dilema que se plantea recibe una un\u00e1nime soluci\u00f3n por parte de los peques, decisi\u00f3n pr\u00e1ctica e inteligente alejada de las sesudas elucubraciones t\u00e9cnicas y metereol\u00f3gicas de los pataslargas. \u00a1\u00a1No lo v\u00e9is, por el camino de arriba el cartel marca 200 mts menos de distancia!!&nbsp; Da gusto ir con gente entendida, camino de la izquierda entonces. Camino que se transforma en senda, senda que desaparece bajo una alfombra de hojas rojas, marrones y amarillas. Sendero puramente oto\u00f1al para todos los sentidos. Llegamos a un desv\u00edo que indica el mirador de La Sarra, al que subimos, es un espol\u00f3n rocoso que domina el valle y es la cota m\u00e1s alta de nuestra excursi\u00f3n. Descendemos por donde hemos subido el fuerte desnivel hasta el desv\u00edo y optamos por comer all\u00ed. La borrasca B\u00e9atrice acumula tantas nubes sobre nosotros que hay momentos de una oscuridad m\u00e1s propia del final del atardecer, pero es mediod\u00eda, no llueve pero el viento agita con fuerza las copas de los \u00e1rboles sobre nosotros, estamos en una suave depresi\u00f3n del terreno donde tranquilamente atacamos nuestros bocatas protegidos del vendaval. Alguna ramita arrancada cae sobre nosotros cuando a cien metros de distancia y en la zona m\u00e1s castigada, un enorme \u00e1rbol ya seco es arrancado y cae con gran estruendo. Est\u00e1 lejos y no nos ha cortado el hambre.<\/p>\n\n\n\n<p>La senda desciende ahora, salva los trescientos metros de desnivel que nos quedan. El manto de hojas oculta el sendero que contin\u00faa atravesando un ambiente oto\u00f1al magn\u00edfico. B\u00e9atrice se ha cansado de soplar y eso nos hace pensar en que ahora nos enviar\u00e1 lluvia. Estamos casi al nivel del r\u00edo, la pendiente senda llega a un camino en llano, llueve y nos mojamos. \u00bfQu\u00e9 es ese agujero? \u00bfUna madriguera? S\u00ed, madriguera de hormig\u00f3n, vestigios de otros tiempos, remedos hisp\u00e1nicos de la L\u00ednea Maginot francesa, son algunos de los antiguos b\u00fankeres de L\u00ednea P, hoy son P de pequeguara pues se convierten en territorio ideal de juegos y aventuras.<\/p>\n\n\n\n<p>Ni la lluvia ni el viento, ni los ocho kil\u00f3metros recorridos, ni los 300 metros de desnivel en subida ni los 550 en bajada que separan Hoz de Jaca del puente se Santa Elena, han hecho mella en el \u00e1nimo de los peques. Pero a\u00fan no se ha acabado el d\u00eda, visitamos la Feria de Biescas para ver bichos, comprar quesos y lo m\u00e1s importante como no, jugar en los columpios.<\/p>\n\n\n\n<p>Marcos Bielsa Ord\u00e1s<\/p>\n\n\n\n<figure class=\"wp-block-gallery columns-3 is-cropped\"><ul class=\"blocks-gallery-grid\"><li class=\"blocks-gallery-item\"><figure><a href=\"https:\/\/p-guara.com\/wordpress\/wp-content\/uploads\/2022\/10\/20221022163134-1.jpg\"><img loading=\"lazy\" width=\"1024\" height=\"576\" src=\"https:\/\/p-guara.com\/wordpress\/wp-content\/uploads\/2022\/10\/20221022163134-1-1024x576.jpg\" alt=\"\" data-id=\"17101\" data-full-url=\"https:\/\/p-guara.com\/wordpress\/wp-content\/uploads\/2022\/10\/20221022163134-1.jpg\" data-link=\"https:\/\/p-guara.com\/wordpress\/secciones\/senderismo\/peque-guara-2022\/ruta-no84-colores-de-otono-desde-hoz-de-jaca-al-puente-de-santa-elena\/20221022163134-1\/\" class=\"wp-image-17101\" srcset=\"https:\/\/p-guara.com\/wordpress\/wp-content\/uploads\/2022\/10\/20221022163134-1-1024x576.jpg 1024w, https:\/\/p-guara.com\/wordpress\/wp-content\/uploads\/2022\/10\/20221022163134-1-300x169.jpg 300w, https:\/\/p-guara.com\/wordpress\/wp-content\/uploads\/2022\/10\/20221022163134-1-768x432.jpg 768w, https:\/\/p-guara.com\/wordpress\/wp-content\/uploads\/2022\/10\/20221022163134-1-1536x864.jpg 1536w, https:\/\/p-guara.com\/wordpress\/wp-content\/uploads\/2022\/10\/20221022163134-1.jpg 1920w\" sizes=\"(max-width: 1024px) 100vw, 1024px\" \/><\/a><\/figure><\/li><li class=\"blocks-gallery-item\"><figure><a href=\"https:\/\/p-guara.com\/wordpress\/wp-content\/uploads\/2022\/10\/20221023112108-2.jpg\"><img loading=\"lazy\" width=\"1024\" height=\"576\" src=\"https:\/\/p-guara.com\/wordpress\/wp-content\/uploads\/2022\/10\/20221023112108-2-1024x576.jpg\" alt=\"\" data-id=\"17103\" data-full-url=\"https:\/\/p-guara.com\/wordpress\/wp-content\/uploads\/2022\/10\/20221023112108-2.jpg\" data-link=\"https:\/\/p-guara.com\/wordpress\/secciones\/senderismo\/peque-guara-2022\/ruta-no84-colores-de-otono-desde-hoz-de-jaca-al-puente-de-santa-elena\/20221023112108-2\/\" class=\"wp-image-17103\" srcset=\"https:\/\/p-guara.com\/wordpress\/wp-content\/uploads\/2022\/10\/20221023112108-2-1024x576.jpg 1024w, https:\/\/p-guara.com\/wordpress\/wp-content\/uploads\/2022\/10\/20221023112108-2-300x169.jpg 300w, https:\/\/p-guara.com\/wordpress\/wp-content\/uploads\/2022\/10\/20221023112108-2-768x432.jpg 768w, https:\/\/p-guara.com\/wordpress\/wp-content\/uploads\/2022\/10\/20221023112108-2-1536x864.jpg 1536w, https:\/\/p-guara.com\/wordpress\/wp-content\/uploads\/2022\/10\/20221023112108-2.jpg 1920w\" sizes=\"(max-width: 1024px) 100vw, 1024px\" \/><\/a><\/figure><\/li><li class=\"blocks-gallery-item\"><figure><a href=\"https:\/\/p-guara.com\/wordpress\/wp-content\/uploads\/2022\/10\/20221023123902-2.jpg\"><img loading=\"lazy\" width=\"1024\" height=\"576\" src=\"https:\/\/p-guara.com\/wordpress\/wp-content\/uploads\/2022\/10\/20221023123902-2-1024x576.jpg\" alt=\"\" data-id=\"17105\" data-full-url=\"https:\/\/p-guara.com\/wordpress\/wp-content\/uploads\/2022\/10\/20221023123902-2.jpg\" data-link=\"https:\/\/p-guara.com\/wordpress\/secciones\/senderismo\/peque-guara-2022\/ruta-no84-colores-de-otono-desde-hoz-de-jaca-al-puente-de-santa-elena\/20221023123902-2\/\" class=\"wp-image-17105\" srcset=\"https:\/\/p-guara.com\/wordpress\/wp-content\/uploads\/2022\/10\/20221023123902-2-1024x576.jpg 1024w, https:\/\/p-guara.com\/wordpress\/wp-content\/uploads\/2022\/10\/20221023123902-2-300x169.jpg 300w, https:\/\/p-guara.com\/wordpress\/wp-content\/uploads\/2022\/10\/20221023123902-2-768x432.jpg 768w, https:\/\/p-guara.com\/wordpress\/wp-content\/uploads\/2022\/10\/20221023123902-2-1536x864.jpg 1536w, https:\/\/p-guara.com\/wordpress\/wp-content\/uploads\/2022\/10\/20221023123902-2.jpg 1920w\" sizes=\"(max-width: 1024px) 100vw, 1024px\" \/><\/a><\/figure><\/li><li class=\"blocks-gallery-item\"><figure><a href=\"https:\/\/p-guara.com\/wordpress\/wp-content\/uploads\/2022\/10\/20221023130121-2.jpg\"><img loading=\"lazy\" width=\"1024\" height=\"576\" src=\"https:\/\/p-guara.com\/wordpress\/wp-content\/uploads\/2022\/10\/20221023130121-2-1024x576.jpg\" alt=\"\" data-id=\"17106\" data-full-url=\"https:\/\/p-guara.com\/wordpress\/wp-content\/uploads\/2022\/10\/20221023130121-2.jpg\" data-link=\"https:\/\/p-guara.com\/wordpress\/secciones\/senderismo\/peque-guara-2022\/ruta-no84-colores-de-otono-desde-hoz-de-jaca-al-puente-de-santa-elena\/20221023130121-2\/\" class=\"wp-image-17106\" srcset=\"https:\/\/p-guara.com\/wordpress\/wp-content\/uploads\/2022\/10\/20221023130121-2-1024x576.jpg 1024w, https:\/\/p-guara.com\/wordpress\/wp-content\/uploads\/2022\/10\/20221023130121-2-300x169.jpg 300w, https:\/\/p-guara.com\/wordpress\/wp-content\/uploads\/2022\/10\/20221023130121-2-768x432.jpg 768w, https:\/\/p-guara.com\/wordpress\/wp-content\/uploads\/2022\/10\/20221023130121-2-1536x864.jpg 1536w, https:\/\/p-guara.com\/wordpress\/wp-content\/uploads\/2022\/10\/20221023130121-2.jpg 1920w\" sizes=\"(max-width: 1024px) 100vw, 1024px\" \/><\/a><\/figure><\/li><li class=\"blocks-gallery-item\"><figure><a href=\"https:\/\/p-guara.com\/wordpress\/wp-content\/uploads\/2022\/10\/20221023140338-2.jpg\"><img loading=\"lazy\" width=\"1024\" height=\"576\" src=\"https:\/\/p-guara.com\/wordpress\/wp-content\/uploads\/2022\/10\/20221023140338-2-1024x576.jpg\" alt=\"\" data-id=\"17107\" data-full-url=\"https:\/\/p-guara.com\/wordpress\/wp-content\/uploads\/2022\/10\/20221023140338-2.jpg\" data-link=\"https:\/\/p-guara.com\/wordpress\/secciones\/senderismo\/peque-guara-2022\/ruta-no84-colores-de-otono-desde-hoz-de-jaca-al-puente-de-santa-elena\/20221023140338-2\/\" class=\"wp-image-17107\" srcset=\"https:\/\/p-guara.com\/wordpress\/wp-content\/uploads\/2022\/10\/20221023140338-2-1024x576.jpg 1024w, https:\/\/p-guara.com\/wordpress\/wp-content\/uploads\/2022\/10\/20221023140338-2-300x169.jpg 300w, https:\/\/p-guara.com\/wordpress\/wp-content\/uploads\/2022\/10\/20221023140338-2-768x432.jpg 768w, https:\/\/p-guara.com\/wordpress\/wp-content\/uploads\/2022\/10\/20221023140338-2-1536x864.jpg 1536w, https:\/\/p-guara.com\/wordpress\/wp-content\/uploads\/2022\/10\/20221023140338-2.jpg 1920w\" sizes=\"(max-width: 1024px) 100vw, 1024px\" \/><\/a><\/figure><\/li><\/ul><\/figure>\n","protected":false},"excerpt":{"rendered":"<p>BAJO EL ALIENTO DE B\u00c9ATRICE Hac\u00eda muchos d\u00edas que no ten\u00edamos un pron\u00f3stico metereol\u00f3gico tan adverso. Pese a ello, entre los 18 participantes en esta \u00faltima salida de Pequeguara, hab\u00eda varios con ganas de pasar fr\u00edo y mojarse despu\u00e9s de tanto calor. Y eso se not\u00f3 en las caras de felicidad que algunos ten\u00edamos mientras &hellip; <\/p>\n<p><a class=\"more-link block-button\" href=\"https:\/\/p-guara.com\/wordpress\/secciones\/senderismo\/peque-guara-2022\/ruta-no84-colores-de-otono-desde-hoz-de-jaca-al-puente-de-santa-elena\/\">Continuar leyendo &raquo;<\/a><\/p>\n","protected":false},"author":2,"featured_media":0,"parent":15560,"menu_order":0,"comment_status":"closed","ping_status":"closed","template":"","meta":[],"_links":{"self":[{"href":"https:\/\/p-guara.com\/wordpress\/wp-json\/wp\/v2\/pages\/16993"}],"collection":[{"href":"https:\/\/p-guara.com\/wordpress\/wp-json\/wp\/v2\/pages"}],"about":[{"href":"https:\/\/p-guara.com\/wordpress\/wp-json\/wp\/v2\/types\/page"}],"author":[{"embeddable":true,"href":"https:\/\/p-guara.com\/wordpress\/wp-json\/wp\/v2\/users\/2"}],"replies":[{"embeddable":true,"href":"https:\/\/p-guara.com\/wordpress\/wp-json\/wp\/v2\/comments?post=16993"}],"version-history":[{"count":3,"href":"https:\/\/p-guara.com\/wordpress\/wp-json\/wp\/v2\/pages\/16993\/revisions"}],"predecessor-version":[{"id":17108,"href":"https:\/\/p-guara.com\/wordpress\/wp-json\/wp\/v2\/pages\/16993\/revisions\/17108"}],"up":[{"embeddable":true,"href":"https:\/\/p-guara.com\/wordpress\/wp-json\/wp\/v2\/pages\/15560"}],"wp:attachment":[{"href":"https:\/\/p-guara.com\/wordpress\/wp-json\/wp\/v2\/media?parent=16993"}],"curies":[{"name":"wp","href":"https:\/\/api.w.org\/{rel}","templated":true}]}}