{"id":15560,"date":"2021-12-17T17:10:06","date_gmt":"2021-12-17T17:10:06","guid":{"rendered":"http:\/\/p-guara.com\/wordpress\/?page_id=15560"},"modified":"2022-11-30T17:18:42","modified_gmt":"2022-11-30T17:18:42","slug":"peque-guara-2022","status":"publish","type":"page","link":"https:\/\/p-guara.com\/wordpress\/secciones\/senderismo\/peque-guara-2022\/","title":{"rendered":"Peque Guara &#8211; 2022"},"content":{"rendered":"\n<p class=\"has-text-align-left\"><strong>SEGUIMOS CRECIENDO<\/strong><br>Estas dos palabras encierran varias realidades. Significado, sentido, evoluci\u00f3n, aprendizaje, f\u00edsico. Y es que en la Pequeguara seguimos creciendo, con cada salida peques y pataslargas aprendemos a convivir y a compartir algo m\u00e1s que una senda. Pequeguara no es un colegio ni hacemos un cursillo de monta\u00f1a, en la Pequeguara ni educamos ni ense\u00f1amos. Para eso ya hay profesionales. Nuestro \u00fanico objetivo es el de pasar un buen rato una vez al mes en la naturaleza.<br><br>Este pasado a\u00f1o realizamos todas las salidas aunque hubo que cambiar alguna de las programadas por otras que bien hubieran podido ser titulares desde el principio. Subimos monta\u00f1as, batimos nuestro r\u00e9cord de altitud a 2.500 mts, recorrimos valles, dormimos en un refugio de monta\u00f1a, cruzamos y visitamos r\u00edos y hasta nos ba\u00f1amos en badinas, atravesamos por lugares vertiginosos e incluso nos nev\u00f3 encima. Y es que cuando los peques de la pequeguara se re\u00fanen en manada se transforman en unos intr\u00e9pidos y sabios \u00ab rayones \u00bb que nos ense\u00f1an a todos lo esperanzador que es nuestro futuro con ellos.<br><br>El programa de este a\u00f1o combina atrevimiento y originalidad manteniendo el esp\u00edritu de las 77 salidas anteriores. Esperamos que sean de vuestro agrado y as\u00ed compartir aventuras juntos.<br><br>La Organizaci\u00f3n<\/p>\n\n\n\n<figure class=\"wp-block-image size-large\"><a href=\"http:\/\/p-guara.com\/wordpress\/wp-content\/uploads\/2021\/12\/Ermita-de-San-Pedro-a-la-Basilica-de-la-Virgen-de-la-Pena-en-Graus-Marcos-Bielsa-copia.jpg\"><img loading=\"lazy\" width=\"1024\" height=\"576\" src=\"http:\/\/p-guara.com\/wordpress\/wp-content\/uploads\/2021\/12\/Ermita-de-San-Pedro-a-la-Basilica-de-la-Virgen-de-la-Pena-en-Graus-Marcos-Bielsa-copia-1024x576.jpg\" alt=\"\" class=\"wp-image-15561\" srcset=\"https:\/\/p-guara.com\/wordpress\/wp-content\/uploads\/2021\/12\/Ermita-de-San-Pedro-a-la-Basilica-de-la-Virgen-de-la-Pena-en-Graus-Marcos-Bielsa-copia-1024x576.jpg 1024w, https:\/\/p-guara.com\/wordpress\/wp-content\/uploads\/2021\/12\/Ermita-de-San-Pedro-a-la-Basilica-de-la-Virgen-de-la-Pena-en-Graus-Marcos-Bielsa-copia-300x169.jpg 300w, https:\/\/p-guara.com\/wordpress\/wp-content\/uploads\/2021\/12\/Ermita-de-San-Pedro-a-la-Basilica-de-la-Virgen-de-la-Pena-en-Graus-Marcos-Bielsa-copia-768x432.jpg 768w, https:\/\/p-guara.com\/wordpress\/wp-content\/uploads\/2021\/12\/Ermita-de-San-Pedro-a-la-Basilica-de-la-Virgen-de-la-Pena-en-Graus-Marcos-Bielsa-copia-1536x865.jpg 1536w, https:\/\/p-guara.com\/wordpress\/wp-content\/uploads\/2021\/12\/Ermita-de-San-Pedro-a-la-Basilica-de-la-Virgen-de-la-Pena-en-Graus-Marcos-Bielsa-copia-2048x1153.jpg 2048w\" sizes=\"(max-width: 1024px) 100vw, 1024px\" \/><\/a><\/figure>\n\n\n\n<p class=\"has-text-align-center\"><span class=\"has-inline-color has-vivid-cyan-blue-color\"><strong>PROGRAMA DE EXCURSIONES \u201cPEQUE GUARA EN FAMILIA\u201d<\/strong> <strong>&#8211; 2022<\/strong><\/span><\/p>\n\n\n\n<ul><li><a href=\"http:\/\/p-guara.com\/wordpress\/secciones\/senderismo\/peque-guara-2022\/ruta-no77-acantilados-monegrinos\/\">N\u00ba 77 &#8211; 30 de enero &#8211; Por los acantilados monegrinos desde Fraella a Tramaced.<\/a><\/li><li><a href=\"https:\/\/p-guara.com\/wordpress\/secciones\/senderismo\/peque-guara-2022\/ruta-no78-vuelta-a-los-mallos-de-aguero\/\">N\u00ba 78 &#8211; 27 de febrero &#8211; Vuelta a los Mallos de Ag\u00fcero y Murillo de G\u00e1llego.<\/a><\/li><li><a href=\"https:\/\/p-guara.com\/wordpress\/secciones\/senderismo\/peque-guara-2022\/ruta-no79-ascension-al-pico-presin\/\">N\u00ba 79- 20 de marzo &#8211; Ascensi\u00f3n al pico Pres\u00edn desde el collado de la Barza en Bentu\u00e9 de Rasal y descenso a la ermita de la Virgen de los R\u00edos.<\/a><\/li><li><a href=\"http:\/\/p-guara.com\/wordpress\/secciones\/senderismo\/peque-guara-2022\/ruta-no80-capella\/\">N\u00ba 80 &#8211; 10 de abril &#8211; Circular a la ermita de San Mart\u00edn en Capella.<\/a><\/li><li><a href=\"https:\/\/p-guara.com\/wordpress\/secciones\/senderismo\/peque-guara-2022\/ruta-no81-bois-de-lazaque-y-ruisseau-darnousse\/\">N\u00ba 81 &#8211; 22 de mayo &#8211; Bois de Lazaque y Ruisseau de Arnousse, Vall\u00e9e d\u00b4Aspe, Francia.<\/a><\/li><li><a href=\"http:\/\/p-guara.com\/wordpress\/secciones\/senderismo\/peque-guara-2022\/ruta-no82-nocito\/\">N\u00ba 82 &#8211; 18 y 19 de junio &#8211; Excursi\u00f3n al mirador y ermita de San Urbez, pernocta en refugio de Pe\u00f1a Guara en Nocito, barrancos de la Pillera y Abellada.<\/a><\/li><li><a href=\"http:\/\/p-guara.com\/wordpress\/secciones\/senderismo\/peque-guara-2022\/ruta-no83-refugio-de-bachimana\/\">N\u00ba83 &#8211; 17 y 18 de septiembre &#8211; Pernocta en refugio de Bachima\u00f1a, ib\u00f3n de Coanga.<\/a><\/li><li><a href=\"https:\/\/p-guara.com\/wordpress\/secciones\/senderismo\/peque-guara-2022\/ruta-no84-colores-de-otono-desde-hoz-de-jaca-al-puente-de-santa-elena\/\">N\u00ba84 &#8211; 23 de octubre &#8211; Colores de oto\u00f1o desde Hoz de Jaca al puente de Santa Elena.<\/a><\/li><li><a href=\"https:\/\/p-guara.com\/wordpress\/secciones\/senderismo\/peque-guara-2022\/ruta-no85-del-salto-del-roldan-a-san-julian-de-banzo\/\">N\u00ba 85 &#8211; 20 de noviembre &#8211; De la Pe\u00f1a San Miguel a San Juli\u00e1n de Banzo por las faldas de la pe\u00f1a Am\u00e1n.<\/a><\/li><li><a href=\"https:\/\/p-guara.com\/wordpress\/secciones\/senderismo\/peque-guara-2022\/ruta-no86-belen-gorgas-san-julian\/\">N\u00ba 86 &#8211; 11 de diciembre &#8211; Bel\u00e9n monta\u00f1ero en Gorgas de San Juli\u00e1n.<\/a><\/li><\/ul>\n\n\n\n<p class=\"has-text-align-center\"><strong><span class=\"has-inline-color has-vivid-cyan-blue-color\">NORMAS PARA PARTICIPAR EN LA ACTIVIDAD:<\/span><\/strong><\/p>\n\n\n\n<ul><li>Ser socio del Club (peques y mayores).<\/li><li>Edad de participaci\u00f3n de 5 a 9 a\u00f1os (nacidos entre 2017 y 2012).<\/li><li>Estar en posesi\u00f3n de la tarjeta de federado de monta\u00f1a del a\u00f1o en curso (peques).<\/li><li>Los peques deber\u00e1n ser acompa\u00f1ados de un adulto (m\u00ednimo) que ser\u00e1 el responsable del menor durante toda la duraci\u00f3n de la excursi\u00f3n.<\/li><li>Las inscripciones se realizar\u00e1n online a trav\u00e9s de la p\u00e1gina web o en el domicilio social de Pe\u00f1a Guara antes del mi\u00e9rcoles previo a la salida a las 21h.<\/li><li>El anotarse previamente a la excursi\u00f3n supone la obligatoriedad de abonar los costos de la misma si no se avisa de la no asistencia antes de cerrar el plazo de inscripci\u00f3n.<\/li><li>Este curso el billete del autob\u00fas ser\u00e1 abonado tanto por los peque\u00f1os como por los mayores. Los nacidos en 2012 y posteriores abonar\u00e1n una tasa infantil (5\u20ac) y los nacidos en 2011 y anteriores abonar\u00e1n una tasa de mayores por cada salida (15\u20ac).<\/li><li>Las excursiones son salidas colectivas que se organizan en autob\u00fas, todo aquel participante que realice el desplazamiento con medios propios deber\u00e1 abonar el importe total de los costos de la salida, condici\u00f3n imprescindible para poder participar en la misma.<\/li><li>Las rutas previstas y sus itinerarios son estudiados de antemano, por lo que la excursi\u00f3n se seguir\u00e1 en grupo. Ante una conducta que pueda ser temeraria, o que pueda distorsionar los horarios previstos, la organizaci\u00f3n se reserva el derecho de admisi\u00f3n en pr\u00f3ximas marchas.<\/li><\/ul>\n\n\n\n<p class=\"has-text-align-center\"><strong><span class=\"has-inline-color has-vivid-cyan-blue-color\">RECOMENDACIONES PARA LAS EXCURSIONES<\/span><\/strong><span class=\"has-inline-color has-vivid-cyan-blue-color\">:<\/span><\/p>\n\n\n\n<ul><li>Es muy importante equipar bien a los peques seg\u00fan la climatolog\u00eda: abrigo \u00f3 chaqueta, impermeable, botas, calcetines de algod\u00f3n para evitar rozaduras, gorra y gafas para el sol.<\/li><li>La ropa debe ser c\u00f3moda, holgada y de tejidos que permitan transpirar la piel.<\/li><li>Debe llevarse ropa de recambio por si por si se pudieran mojar, aunque en un momento dado los recambios se queden en el autob\u00fas.<\/li><li>No olvidar las medicinas que puedan requerir los peques, atenci\u00f3n ni\u00f1os al\u00e9rgicos.<\/li><li>En las excursiones los peques deben estar bien hidratados (agua, zumos), no deben pasar sed (ni ellos, ni los adultos). En funci\u00f3n de la duraci\u00f3n de paseo, deber\u00e1 llevarse los alimentos necesarios para una mejor asimilaci\u00f3n de la excursi\u00f3n.<\/li><li>No olvidar la crema protectora, las pieles de los peques son demasiado sensibles a la exposici\u00f3n solar, en primavera y verano deber\u00e1 aplicarse unos 30 minutos antes de estar expuestos al sol.<\/li><li>Es aconsejable el llevar loci\u00f3n protectora contra los mosquitos, as\u00ed como anti-picaduras.<\/li><li>Los peques necesitan motivaciones, por ello ser\u00e1 conveniente que antes de salir se les facilite pistas y datos de lo que se puede ver y as\u00ed su imaginaci\u00f3n haga el resto.<\/li><li>El d\u00eda de apuntarse se facilitara toda la informaci\u00f3n adicional que cada excursi\u00f3n requiera.<\/li><\/ul>\n\n\n\n<p class=\"has-text-align-center\"><strong><span class=\"has-inline-color has-vivid-cyan-blue-color\">PROGRAMA PATROCINADO POR:<\/span><\/strong><\/p>\n\n\n\n<div class=\"wp-block-image\"><figure class=\"aligncenter is-resized\"><a href=\"http:\/\/p-guara.com\/wordpress\/wp-content\/uploads\/2019\/09\/Avanza-MOBILITYok.png\"><img loading=\"lazy\" src=\"http:\/\/p-guara.com\/wordpress\/wp-content\/uploads\/2019\/09\/Avanza-MOBILITYok-1024x183.png\" alt=\"Avanza-MOBILITYok\" width=\"455\" height=\"81\"\/><\/a><\/figure><\/div>\n","protected":false},"excerpt":{"rendered":"<p>SEGUIMOS CRECIENDOEstas dos palabras encierran varias realidades. Significado, sentido, evoluci\u00f3n, aprendizaje, f\u00edsico. Y es que en la Pequeguara seguimos creciendo, con cada salida peques y pataslargas aprendemos a convivir y a compartir algo m\u00e1s que una senda. Pequeguara no es un colegio ni hacemos un cursillo de monta\u00f1a, en la Pequeguara ni educamos ni ense\u00f1amos. &hellip; <\/p>\n<p><a class=\"more-link block-button\" href=\"https:\/\/p-guara.com\/wordpress\/secciones\/senderismo\/peque-guara-2022\/\">Continuar leyendo &raquo;<\/a><\/p>\n","protected":false},"author":2,"featured_media":0,"parent":220,"menu_order":0,"comment_status":"closed","ping_status":"closed","template":"","meta":[],"_links":{"self":[{"href":"https:\/\/p-guara.com\/wordpress\/wp-json\/wp\/v2\/pages\/15560"}],"collection":[{"href":"https:\/\/p-guara.com\/wordpress\/wp-json\/wp\/v2\/pages"}],"about":[{"href":"https:\/\/p-guara.com\/wordpress\/wp-json\/wp\/v2\/types\/page"}],"author":[{"embeddable":true,"href":"https:\/\/p-guara.com\/wordpress\/wp-json\/wp\/v2\/users\/2"}],"replies":[{"embeddable":true,"href":"https:\/\/p-guara.com\/wordpress\/wp-json\/wp\/v2\/comments?post=15560"}],"version-history":[{"count":14,"href":"https:\/\/p-guara.com\/wordpress\/wp-json\/wp\/v2\/pages\/15560\/revisions"}],"predecessor-version":[{"id":17246,"href":"https:\/\/p-guara.com\/wordpress\/wp-json\/wp\/v2\/pages\/15560\/revisions\/17246"}],"up":[{"embeddable":true,"href":"https:\/\/p-guara.com\/wordpress\/wp-json\/wp\/v2\/pages\/220"}],"wp:attachment":[{"href":"https:\/\/p-guara.com\/wordpress\/wp-json\/wp\/v2\/media?parent=15560"}],"curies":[{"name":"wp","href":"https:\/\/api.w.org\/{rel}","templated":true}]}}